{"id":511,"date":"2024-04-20T20:23:55","date_gmt":"2024-04-20T20:23:55","guid":{"rendered":"https:\/\/webredox.net\/demo\/wp\/renax\/?page_id=511"},"modified":"2026-02-07T17:23:09","modified_gmt":"2026-02-07T17:23:09","slug":"contact","status":"publish","type":"page","link":"https:\/\/ovationcar.com\/?page_id=511","title":{"rendered":"Contactez Ovation Car \u2013 Location voiture au Maroc"},"content":{"rendered":"\t\t<div data-elementor-type=\"wp-page\" data-elementor-id=\"511\" class=\"elementor elementor-511\" data-elementor-post-type=\"page\">\n\t\t\t\t<div class=\"elementor-element elementor-element-d823c8a e-con-full e-flex e-con e-parent\" data-id=\"d823c8a\" data-element_type=\"container\" data-e-type=\"container\">\n\t\t\t\t<div class=\"elementor-element elementor-element-ee501b3 elementor-widget elementor-widget-renax-banner-simple\" data-id=\"ee501b3\" data-element_type=\"widget\" data-e-type=\"widget\" data-widget_type=\"renax-banner-simple.default\">\n\t\t\t\t<div class=\"elementor-widget-container\">\n\t\t\t\t\t\t\t<section class=\"banner-header section-padding bg-img-c bg-img bg-fixed \" data-overlay-dark=\"5\" data-background=\"http:\/\/ovationcar.com\/wp-content\/uploads\/2024\/12\/ovationcar-contact.jpg\" data-position=\"center center\">\n        <div class=\"v-middle\">\n            <div class=\"container\">\n                <div class=\"row\">\n                    <div class=\"col-md-12 offset-md-0 text-center\">\n                        \t\t\t\t\t\t<h6 class=\"rx-df-page-banner-subtitle\">Ovation Car<\/h6 >\n\t\t\t\t\t\t                        \t\t\t\t\t\t<h1 class=\"rx-df-page-banner-title\">\n\t\t\t\t\t\tRestons en <span>Contact<\/span>\t\t\t\t\t\t<\/h1>\n\t\t\t\t\t\t\t\t\t\t\t\t                    <\/div>\n                <\/div>\n            <\/div>\n        <\/div>\n\t\t<\/section>\t\n\t\t\t\t\t\t<\/div>\n\t\t\t\t<\/div>\n\t\t\t\t<\/div>\n\t\t<div class=\"elementor-element elementor-element-1e6ab7b e-flex e-con-boxed e-con e-parent\" data-id=\"1e6ab7b\" data-element_type=\"container\" data-e-type=\"container\" data-settings=\"{&quot;background_background&quot;:&quot;gradient&quot;}\">\n\t\t\t\t\t<div class=\"e-con-inner\">\n\t\t<div class=\"elementor-element elementor-element-8bb36d9 e-con-full e-flex e-con e-child\" data-id=\"8bb36d9\" data-element_type=\"container\" data-e-type=\"container\">\n\t\t\t\t<div class=\"elementor-element elementor-element-792b408 elementor-widget elementor-widget-renax-contact\" data-id=\"792b408\" data-element_type=\"widget\" data-e-type=\"widget\" data-widget_type=\"renax-contact.default\">\n\t\t\t\t<div class=\"elementor-widget-container\">\n\t\t\t\t\t\t\t\t\t<div class=\"contact-box\">\t\n\t\t\t<div class=\"clear \">\n                <div class=\"item  \">\n\t\t\t\t\t\t\t\t\t\t<a \n\t\t\t\t\t\t\t\t\t\n\t\t\t\t\t\thref=\"https:\/\/www.google.com\/maps\/place\/31%C2%B039&#039;54.8%22N+8%C2%B000&#039;32.5%22W\/@31.6652098,-8.0115887,17z\/data=!3m1!4b1!4m4!3m3!8m2!3d31.6652098!4d-8.0090138?entry=ttu&#038;g_ep=EgoyMDI1MDcwOS4wIKXMDSoASAFQAw%3D%3D\" \n\t\t\t\t\t\t\t\t\t\t\t\ttarget=\"_blank\" rel=\"noopener noreferrer\">\n\t\t\t\t\t\t\t\t\t\t\t\t<span class=\"icon omfi-location\"><\/span>\n\t\t\t\t\t\t\t\t\t\t\t\t\t\t\t\t\t\t<h5 class=\"rx-info-box-title\">Adresse<\/h5>\n\t\t\t\t\t\t\t\t\t\t\t\t<p>\n\t\t\t\t\t\t\t\t\t\t\t\t245 Lot AL Hamra Amerchich, Marrakech\t\t\t\t\t\t\t\t\t\t\t\t<\/p> \n\t\t\t\t\t\t\t\t\t\t\t\t<i class=\"numb omfi-location\"><\/i>\n\t\t\t\t\t\t\t\t\t\t\t<\/a>\n\t\t\t\t\t                <\/div>\n            <\/div>\n\t\t<\/div>\n\t\t        \t\t\t\t<\/div>\n\t\t\t\t<\/div>\n\t\t\t\t<\/div>\n\t\t<div class=\"elementor-element elementor-element-ee1e447 e-con-full e-flex e-con e-child\" data-id=\"ee1e447\" data-element_type=\"container\" data-e-type=\"container\">\n\t\t\t\t<div class=\"elementor-element elementor-element-9fac9e8 elementor-widget elementor-widget-renax-contact\" data-id=\"9fac9e8\" data-element_type=\"widget\" data-e-type=\"widget\" data-widget_type=\"renax-contact.default\">\n\t\t\t\t<div class=\"elementor-widget-container\">\n\t\t\t\t\t\t\t\t\t<div class=\"contact-box\">\t\n\t\t\t<div class=\"clear \">\n                <div class=\"item  \">\n\t\t\t\t\t\t\t\t\t\t<a \n\t\t\t\t\t\t\t\t\t\t\t\ttarget=\"_self\" rel=\"noopener noreferrer\">\n\t\t\t\t\t\t\t\t\t\t\t\t<span class=\"icon ti-time\"><\/span>\n\t\t\t\t\t\t\t\t\t\t\t\t\t\t\t\t\t\t<h5 class=\"rx-info-box-title\">Heures d&#039;ouverture<\/h5>\n\t\t\t\t\t\t\t\t\t\t\t\t<p>\n\t\t\t\t\t\t\t\t\t\t\t\tLundi au Dimanche : 8h-19h\t\t\t\t\t\t\t\t\t\t\t\t<\/p> \n\t\t\t\t\t\t\t\t\t\t\t\t<i class=\"numb ti-time\"><\/i>\n\t\t\t\t\t\t\t\t\t\t\t<\/a>\n\t\t\t\t\t                <\/div>\n            <\/div>\n\t\t<\/div>\n\t\t        \t\t\t\t<\/div>\n\t\t\t\t<\/div>\n\t\t\t\t<\/div>\n\t\t<div class=\"elementor-element elementor-element-acdb975 e-con-full e-flex e-con e-child\" data-id=\"acdb975\" data-element_type=\"container\" data-e-type=\"container\">\n\t\t\t\t<div class=\"elementor-element elementor-element-74a1629 elementor-widget elementor-widget-renax-contact\" data-id=\"74a1629\" data-element_type=\"widget\" data-e-type=\"widget\" data-widget_type=\"renax-contact.default\">\n\t\t\t\t<div class=\"elementor-widget-container\">\n\t\t\t\t\t\t\t\t\t<div class=\"contact-box\">\t\n\t\t\t<div class=\"clear \">\n                <div class=\"item active \">\n\t\t\t\t\t\t\t\t\t\t<a \n\t\t\t\t\t\t\t\t\t\n\t\t\t\t\t\thref=\"https:\/\/api.whatsapp.com\/send?phone=212618894615\" \n\t\t\t\t\t\t\t\t\t\t\t\ttarget=\"_self\" rel=\"noopener noreferrer\">\n\t\t\t\t\t\t\t\t\t\t\t\t<span class=\"icon omfi-phone\"><\/span>\n\t\t\t\t\t\t\t\t\t\t\t\t\t\t\t\t\t\t<h5 class=\"rx-info-box-title\">Appelez-nous<\/h5>\n\t\t\t\t\t\t\t\t\t\t\t\t<p>\n\t\t\t\t\t\t\t\t\t\t\t\t+212 618 894 615\t\t\t\t\t\t\t\t\t\t\t\t<\/p> \n\t\t\t\t\t\t\t\t\t\t\t\t<i class=\"numb omfi-phone\"><\/i>\n\t\t\t\t\t\t\t\t\t\t\t<\/a>\n\t\t\t\t\t                <\/div>\n            <\/div>\n\t\t<\/div>\n\t\t        \t\t\t\t<\/div>\n\t\t\t\t<\/div>\n\t\t\t\t<\/div>\n\t\t\t\t\t<\/div>\n\t\t\t\t<\/div>\n\t\t<div class=\"elementor-element elementor-element-2ae8765 e-flex e-con-boxed e-con e-parent\" data-id=\"2ae8765\" data-element_type=\"container\" data-e-type=\"container\" data-settings=\"{&quot;background_background&quot;:&quot;classic&quot;}\">\n\t\t\t\t\t<div class=\"e-con-inner\">\n\t\t<div class=\"elementor-element elementor-element-9448099 e-con-full e-flex e-con e-child\" data-id=\"9448099\" data-element_type=\"container\" data-e-type=\"container\">\n\t\t\t\t<div class=\"elementor-element elementor-element-f41c1a8 elementor-widget elementor-widget-renax-simple-title\" data-id=\"f41c1a8\" data-element_type=\"widget\" data-e-type=\"widget\" data-widget_type=\"renax-simple-title.default\">\n\t\t\t\t<div class=\"elementor-widget-container\">\n\t\t\t\t\t\t\t<div class=\"clear text-center \">\n\t\t\t            <div class=\"rx-simple-title black\">\u00c9crivez-nous!<\/div>\n\t\t\t\t\t<\/div>\n\t\t\t\t\t\t<\/div>\n\t\t\t\t<\/div>\n\t\t\t\t<div class=\"elementor-element elementor-element-4fc2bcc elementor-widget elementor-widget-renax-form\" data-id=\"4fc2bcc\" data-element_type=\"widget\" data-e-type=\"widget\" data-widget_type=\"renax-form.default\">\n\t\t\t\t<div class=\"elementor-widget-container\">\n\t\t\t\t\t\t\t\n\t\t<div class=\"clear contact\">\t\t\n\t\t\t<div class=\"clearfix contact__form vc_template\">\t\t\n\t\t\t\t\n<div class=\"wpcf7 no-js\" id=\"wpcf7-f8-o1\" lang=\"en-US\" dir=\"ltr\" data-wpcf7-id=\"8\">\n<div class=\"screen-reader-response\"><p role=\"status\" aria-live=\"polite\" aria-atomic=\"true\"><\/p> <ul><\/ul><\/div>\n<form action=\"\/index.php?rest_route=%2Fwp%2Fv2%2Fpages%2F511#wpcf7-f8-o1\" method=\"post\" class=\"wpcf7-form init\" aria-label=\"Contact form\" novalidate=\"novalidate\" data-status=\"init\">\n<fieldset class=\"hidden-fields-container\"><input type=\"hidden\" name=\"_wpcf7\" value=\"8\" \/><input type=\"hidden\" name=\"_wpcf7_version\" value=\"6.1.5\" \/><input type=\"hidden\" name=\"_wpcf7_locale\" value=\"en_US\" \/><input type=\"hidden\" name=\"_wpcf7_unit_tag\" value=\"wpcf7-f8-o1\" \/><input type=\"hidden\" name=\"_wpcf7_container_post\" value=\"0\" \/><input type=\"hidden\" name=\"_wpcf7_posted_data_hash\" value=\"\" \/><input type=\"hidden\" name=\"_wpcf7_recaptcha_response\" value=\"\" \/>\n<\/fieldset>\n<div class=\"row\">\n\t<div class=\"col-md-6\">\n\t\t<p><span class=\"wpcf7-form-control-wrap\" data-name=\"your-name\"><input size=\"40\" maxlength=\"400\" class=\"wpcf7-form-control wpcf7-text wpcf7-validates-as-required\" autocomplete=\"name\" aria-required=\"true\" aria-invalid=\"false\" placeholder=\"Votre Nom*\" value=\"\" type=\"text\" name=\"your-name\" \/><\/span>\n\t\t<\/p>\n\t<\/div>\n\t<div class=\"col-md-6\">\n\t\t<p><span class=\"wpcf7-form-control-wrap\" data-name=\"your-email\"><input size=\"40\" maxlength=\"400\" class=\"wpcf7-form-control wpcf7-email wpcf7-validates-as-required wpcf7-text wpcf7-validates-as-email\" autocomplete=\"email\" aria-required=\"true\" aria-invalid=\"false\" placeholder=\"Votre E-mail*\" value=\"\" type=\"email\" name=\"your-email\" \/><\/span>\n\t\t<\/p>\n\t<\/div>\n\t<div class=\"col-md-6\">\n\t\t<p><span class=\"wpcf7-form-control-wrap\" data-name=\"number-214\"><input size=\"40\" maxlength=\"400\" class=\"wpcf7-form-control wpcf7-text wpcf7-validates-as-required\" aria-required=\"true\" aria-invalid=\"false\" placeholder=\"Votre Num\u00e9ro*\" value=\"\" type=\"text\" name=\"number-214\" \/><\/span>\n\t\t<\/p>\n\t<\/div>\n\t<div class=\"col-md-6\">\n\t\t<p><span class=\"wpcf7-form-control-wrap\" data-name=\"your-subject\"><input size=\"40\" maxlength=\"400\" class=\"wpcf7-form-control wpcf7-text wpcf7-validates-as-required\" aria-required=\"true\" aria-invalid=\"false\" placeholder=\"Sujet*\" value=\"\" type=\"text\" name=\"your-subject\" \/><\/span>\n\t\t<\/p>\n\t<\/div>\n\t<div class=\"col-md-12\">\n\t\t<p><span class=\"wpcf7-form-control-wrap\" data-name=\"your-message\"><textarea cols=\"40\" rows=\"10\" maxlength=\"2000\" class=\"wpcf7-form-control wpcf7-textarea\" aria-invalid=\"false\" name=\"your-message\"><\/textarea><\/span><br \/>\n<div class=\"wpcf7-form-control has-spinner wpcf7-submit\"><button class=\"booking-button mt-15 cursor-pointer\">Envoyer<\/button><\/div>\n\t\t<\/p>\n\t<\/div>\n<\/div><div class=\"wpcf7-response-output\" aria-hidden=\"true\"><\/div>\n<\/form>\n<\/div>\n\t\t\t<\/div>\t\t\t\t\t\t\t\t\t\t\n\t\t<\/div>\n\t\t\n        \t\t\t\t<\/div>\n\t\t\t\t<\/div>\n\t\t\t\t<\/div>\n\t\t<div class=\"elementor-element elementor-element-7745fe4 e-con-full e-flex e-con e-child\" data-id=\"7745fe4\" data-element_type=\"container\" data-e-type=\"container\">\n\t\t\t\t<\/div>\n\t\t<div class=\"elementor-element elementor-element-c2c7518 e-con-full e-flex e-con e-child\" data-id=\"c2c7518\" data-element_type=\"container\" data-e-type=\"container\">\n\t\t\t\t<div class=\"elementor-element elementor-element-2049902 elementor-widget elementor-widget-renax-map\" data-id=\"2049902\" data-element_type=\"widget\" data-e-type=\"widget\" data-widget_type=\"renax-map.default\">\n\t\t\t\t<div class=\"elementor-widget-container\">\n\t\t\t\t\t\n\t\t\t\t\t\n\t\t\n\t\t<div class=\"sec-gmap\">\n            <div class=\"map-container\">\n\t\t\t\t<div id=\"map-single\" class=\"map\" data-map-back=\"\/\/{s}.basemaps.cartocdn.com\/light_all\/{z}\/{x}\/{y}.png\" data-latlog=\"[31.6652098,-8.0090138]\" data-popuptext=\"245 LOT AL HAMRA AMERCHICH MARRAKECH\"  data-popupicon=\"https:\/\/webredox.net\/images\/mapmarker.png\"><\/div>\t\t\t\t\n\t\t    <\/div>\t\t\t\n\t\t<\/div>\t\t\n\t\t\n\t\t\t\n        \t\t\t\t<\/div>\n\t\t\t\t<\/div>\n\t\t\t\t<\/div>\n\t\t\t\t\t<\/div>\n\t\t\t\t<\/div>\n\t\t<div class=\"elementor-element elementor-element-2e9334c6 e-flex e-con-boxed e-con e-parent\" data-id=\"2e9334c6\" data-element_type=\"container\" data-e-type=\"container\" data-settings=\"{&quot;background_background&quot;:&quot;classic&quot;}\">\n\t\t\t\t\t<div class=\"e-con-inner\">\n\t\t\t\t<div class=\"elementor-element elementor-element-77c455b0 elementor-widget elementor-widget-renax-sec-title\" data-id=\"77c455b0\" data-element_type=\"widget\" data-e-type=\"widget\" data-widget_type=\"renax-sec-title.default\">\n\t\t\t\t<div class=\"elementor-widget-container\">\n\t\t\t\t\t\t\t<div class=\"about text-center \">\n\t\t\t\t\t\t<div class=\"section-subtitle\">R\u00e9servez votre Ovation<\/div>\n\t\t\t\t\t\t            <div class=\"section-title white\">Et partez hors des <span>Sentiers battus<\/span><\/div>\n\t\t\t\t\t\t            <p class=\"rx-lets-talk white\">On peut vous aider \u00e0 faire un choix !<\/p>\n\t\t\t\t\t<\/div>\n\t\t\t\t\t\t<\/div>\n\t\t\t\t<\/div>\n\t\t<div class=\"elementor-element elementor-element-3b6edadb e-flex e-con-boxed e-con e-child\" data-id=\"3b6edadb\" data-element_type=\"container\" data-e-type=\"container\">\n\t\t\t\t\t<div class=\"e-con-inner\">\n\t\t\t\t<div class=\"elementor-element elementor-element-50773478 elementor-widget elementor-widget-renax-button\" data-id=\"50773478\" data-element_type=\"widget\" data-e-type=\"widget\" data-widget_type=\"renax-button.default\">\n\t\t\t\t<div class=\"elementor-widget-container\">\n\t\t\t\t\t        \t\t<div class=\"sec-button float-left clear\">\t\t\t\n\t\t\t<a class=\"button-1 rx-icon-left \"\n\t\t\t\t\t\t\n\t\t\thref=\"https:\/\/api.whatsapp.com\/send?phone=212618894615\" \n\t\t\t\t\t\ttarget=\"_blank\" rel=\"noopener noreferrer\">\n\t\t\t\t\t\t\t\t\t\t<svg aria-hidden=\"true\" class=\"e-font-icon-svg e-fab-whatsapp\" viewBox=\"0 0 448 512\" xmlns=\"http:\/\/www.w3.org\/2000\/svg\"><path d=\"M380.9 97.1C339 55.1 283.2 32 223.9 32c-122.4 0-222 99.6-222 222 0 39.1 10.2 77.3 29.6 111L0 480l117.7-30.9c32.4 17.7 68.9 27 106.1 27h.1c122.3 0 224.1-99.6 224.1-222 0-59.3-25.2-115-67.1-157zm-157 341.6c-33.2 0-65.7-8.9-94-25.7l-6.7-4-69.8 18.3L72 359.2l-4.4-7c-18.5-29.4-28.2-63.3-28.2-98.2 0-101.7 82.8-184.5 184.6-184.5 49.3 0 95.6 19.2 130.4 54.1 34.8 34.9 56.2 81.2 56.1 130.5 0 101.8-84.9 184.6-186.6 184.6zm101.2-138.2c-5.5-2.8-32.8-16.2-37.9-18-5.1-1.9-8.8-2.8-12.5 2.8-3.7 5.6-14.3 18-17.6 21.8-3.2 3.7-6.5 4.2-12 1.4-32.6-16.3-54-29.1-75.5-66-5.7-9.8 5.7-9.1 16.3-30.3 1.8-3.7.9-6.9-.5-9.7-1.4-2.8-12.5-30.1-17.1-41.2-4.5-10.8-9.1-9.3-12.5-9.5-3.2-.2-6.9-.2-10.6-.2-3.7 0-9.7 1.4-14.8 6.9-5.1 5.6-19.4 19-19.4 46.3 0 27.3 19.9 53.7 22.6 57.4 2.8 3.7 39.1 59.7 94.8 83.8 35.2 15.2 49 16.5 66.6 13.9 10.7-1.6 32.8-13.4 37.4-26.4 4.6-13 4.6-24.1 3.2-26.4-1.3-2.5-5-3.9-10.5-6.6z\"><\/path><\/svg>\t\t\t\t\n\t\t\tWhatsApp \n\t\t\t\t\t\t<\/a>\t\n\t\t<\/div>\t\t\n        \t\n\t\t\n        \t\t\t\t<\/div>\n\t\t\t\t<\/div>\n\t\t\t\t<div class=\"elementor-element elementor-element-578d3e68 elementor-widget elementor-widget-renax-button\" data-id=\"578d3e68\" data-element_type=\"widget\" data-e-type=\"widget\" data-widget_type=\"renax-button.default\">\n\t\t\t\t<div class=\"elementor-widget-container\">\n\t\t\t\t\t        \t\t<div class=\"sec-button float-left clear\">\t\t\t\n\t\t\t<a class=\"button-2  \"\n\t\t\t\t\t\t\n\t\t\thref=\"http:\/\/ovationcar.com\/car-grid\/\" \n\t\t\t\t\t\ttarget=\"_self\" rel=\"noopener noreferrer\">\n\t\t\t\t\t\tJe loue \n\t\t\t\t\t\t\n\t\t\t\t<span class=\"ti-arrow-top-right\"><\/span>\n\t\t\t\t\n\t\t\t\t\t\t<\/a>\t\n\t\t<\/div>\t\t\n        \t\n\t\t\n        \t\t\t\t<\/div>\n\t\t\t\t<\/div>\n\t\t\t\t\t<\/div>\n\t\t\t\t<\/div>\n\t\t\t\t\t<\/div>\n\t\t\t\t<\/div>\n\t\t<div class=\"elementor-element elementor-element-4b976d58 e-flex e-con-boxed e-con e-parent\" data-id=\"4b976d58\" data-element_type=\"container\" data-e-type=\"container\">\n\t\t\t\t\t<div class=\"e-con-inner\">\n\t\t\t\t<div class=\"elementor-element elementor-element-28f883a5 elementor-widget elementor-widget-renax-clients\" data-id=\"28f883a5\" data-element_type=\"widget\" data-e-type=\"widget\" data-widget_type=\"renax-clients.default\">\n\t\t\t\t<div class=\"elementor-widget-container\">\n\t\t\t\t\t\n\t\t<div class=\"clients clear\">\n\t\t\t<div class=\"owl-carousel owl-theme\" data-carousel-autoplay=\"true\" data-carousel-speed=\"1000\" data-carousel-timeout=\"5000\" data-carousel-nav=\"false\" data-rtl=\"false\" data-carousel-dots-mobile=\"false\" data-carousel-dots=\"false\" data-carousel-columns=\"4\">\n\t\t\t\t\t\t\t\t<div class=\"clients-logo\">\n\t\t\t\t    \t\t\t\t\t<a href=\"#\" target=\"_self\" rel=\"noopener noreferrer\">\n\t\t\t\t\t\t\t\t\t\t\t\n\t\t\t\t\t<img decoding=\"async\" src=\"http:\/\/ovationcar.com\/wp-content\/uploads\/2024\/12\/logo-renault-2.png\" alt=\"\">\t\t\t\t\n\t\t\t\t\t\t\t\t\t\t<\/a>\n\t\t\t\t\t\t\t\t\n\t\t\t\t<\/div>\t\n\t\t\t\t\t\t\t\t<div class=\"clients-logo\">\n\t\t\t\t    \t\t\t\t\t<a href=\"#\" target=\"_self\" rel=\"noopener noreferrer\">\n\t\t\t\t\t\t\t\t\t\t\t\n\t\t\t\t\t<img decoding=\"async\" src=\"http:\/\/ovationcar.com\/wp-content\/uploads\/2024\/12\/logo-hyundai-2.png\" alt=\"\">\t\t\t\t\n\t\t\t\t\t\t\t\t\t\t<\/a>\n\t\t\t\t\t\t\t\t\n\t\t\t\t<\/div>\t\n\t\t\t\t\t\t\t\t<div class=\"clients-logo\">\n\t\t\t\t    \t\t\t\t\t<a href=\"#\" target=\"_self\" rel=\"noopener noreferrer\">\n\t\t\t\t\t\t\t\t\t\t\t\n\t\t\t\t\t<img decoding=\"async\" src=\"http:\/\/ovationcar.com\/wp-content\/uploads\/2024\/12\/logo-dacia-2-1.png\" alt=\"\">\t\t\t\t\n\t\t\t\t\t\t\t\t\t\t<\/a>\n\t\t\t\t\t\t\t\t\n\t\t\t\t<\/div>\t\n\t\t\t\t\t\t\t\t<div class=\"clients-logo\">\n\t\t\t\t    \t\t\t\t\t<a href=\"#\" target=\"_self\" rel=\"noopener noreferrer\">\n\t\t\t\t\t\t\t\t\t\t\t\n\t\t\t\t\t<img decoding=\"async\" src=\"http:\/\/ovationcar.com\/wp-content\/uploads\/2024\/12\/logo-royal-maroc.png\" alt=\"\">\t\t\t\t\n\t\t\t\t\t\t\t\t\t\t<\/a>\n\t\t\t\t\t\t\t\t\n\t\t\t\t<\/div>\t\n\t\t\t\t\t\t\t<\/div>\t\t\n\t\t<\/div>\t\t\n\n        \t\t\t\t<\/div>\n\t\t\t\t<\/div>\n\t\t\t\t\t<\/div>\n\t\t\t\t<\/div>\n\t\t\t\t<\/div>\n\t\t","protected":false},"excerpt":{"rendered":"<p>Ovation Car Restons en Contact Adresse 245 Lot AL Hamra Amerchich, Marrakech Heures d&#039;ouverture Lundi au Dimanche : 8h-19h Appelez-nous +212 618 894 615 \u00c9crivez-nous! Envoyer R\u00e9servez votre Ovation Et partez hors des Sentiers battus On peut vous aider \u00e0 faire un choix !&#8230;<\/p>\n","protected":false},"author":1,"featured_media":0,"parent":0,"menu_order":0,"comment_status":"closed","ping_status":"closed","template":"","meta":{"_coblocks_attr":"","_coblocks_dimensions":"","_coblocks_responsive_height":"","_coblocks_accordion_ie_support":"","inline_featured_image":false,"footnotes":""},"class_list":["post-511","page","type-page","status-publish","hentry"],"aioseo_notices":[],"meta_box":[],"_links":{"self":[{"href":"https:\/\/ovationcar.com\/index.php?rest_route=\/wp\/v2\/pages\/511","targetHints":{"allow":["GET"]}}],"collection":[{"href":"https:\/\/ovationcar.com\/index.php?rest_route=\/wp\/v2\/pages"}],"about":[{"href":"https:\/\/ovationcar.com\/index.php?rest_route=\/wp\/v2\/types\/page"}],"author":[{"embeddable":true,"href":"https:\/\/ovationcar.com\/index.php?rest_route=\/wp\/v2\/users\/1"}],"replies":[{"embeddable":true,"href":"https:\/\/ovationcar.com\/index.php?rest_route=%2Fwp%2Fv2%2Fcomments&post=511"}],"version-history":[{"count":53,"href":"https:\/\/ovationcar.com\/index.php?rest_route=\/wp\/v2\/pages\/511\/revisions"}],"predecessor-version":[{"id":2713,"href":"https:\/\/ovationcar.com\/index.php?rest_route=\/wp\/v2\/pages\/511\/revisions\/2713"}],"wp:attachment":[{"href":"https:\/\/ovationcar.com\/index.php?rest_route=%2Fwp%2Fv2%2Fmedia&parent=511"}],"curies":[{"name":"wp","href":"https:\/\/api.w.org\/{rel}","templated":true}]}}